{"id":4636,"date":"2021-02-24T14:30:39","date_gmt":"2021-02-24T13:30:39","guid":{"rendered":"https:\/\/prelive.mayerschaltechnik.de\/kundenbeirat\/"},"modified":"2023-07-20T14:42:47","modified_gmt":"2023-07-20T12:42:47","slug":"customer-advisory-board","status":"publish","type":"page","link":"https:\/\/www.mayerschaltechnik.de\/en\/customer-advisory-board\/","title":{"rendered":"Customer Advisory Board"},"content":{"rendered":"\t\t<div data-elementor-type=\"wp-page\" data-elementor-id=\"4636\" class=\"elementor elementor-4636 elementor-577\" data-elementor-post-type=\"page\">\n\t\t\t\t\t\t<section class=\"elementor-section elementor-top-section elementor-element elementor-element-9d781f7 elementor-section-height-min-height elementor-section-items-bottom elementor-section-full_width elementor-section-height-default\" data-id=\"9d781f7\" data-element_type=\"section\" data-e-type=\"section\" data-settings=\"{&quot;background_background&quot;:&quot;classic&quot;,&quot;background_image&quot;:{&quot;url&quot;:&quot;https:\\\/\\\/www.mayerschaltechnik.de\\\/wp-content\\\/uploads\\\/2021\\\/05\\\/mayer-kundenbeirat-mst.jpg&quot;,&quot;id&quot;:4571,&quot;size&quot;:&quot;&quot;,&quot;alt&quot;:&quot;&quot;,&quot;source&quot;:&quot;library&quot;}}\">\n\t\t\t\t\t\t\t<div class=\"elementor-background-overlay\"><\/div>\n\t\t\t\t\t\t\t<div class=\"elementor-container elementor-column-gap-default\">\n\t\t\t\t\t<div class=\"elementor-column elementor-col-100 elementor-top-column elementor-element elementor-element-d53c446 ado-remove-padding\" data-id=\"d53c446\" data-element_type=\"column\" data-e-type=\"column\">\n\t\t\t<div class=\"elementor-widget-wrap elementor-element-populated\">\n\t\t\t\t\t\t<div class=\"elementor-element elementor-element-d5e9223 elementor-widget elementor-widget-heading\" data-id=\"d5e9223\" data-element_type=\"widget\" data-e-type=\"widget\" data-widget_type=\"heading.default\">\n\t\t\t\t<div class=\"elementor-widget-container\">\n\t\t\t\t\t<h1 class=\"elementor-heading-title elementor-size-default\">Customer Advisory Board<\/h1>\t\t\t\t<\/div>\n\t\t\t\t<\/div>\n\t\t\t\t\t<\/div>\n\t\t<\/div>\n\t\t\t\t\t<\/div>\n\t\t<\/section>\n\t\t\t\t<section class=\"elementor-section elementor-top-section elementor-element elementor-element-f0ad231 elementor-section-full_width elementor-section-height-default elementor-section-height-default\" data-id=\"f0ad231\" data-element_type=\"section\" data-e-type=\"section\">\n\t\t\t\t\t\t<div class=\"elementor-container elementor-column-gap-default\">\n\t\t\t\t\t<div class=\"elementor-column elementor-col-50 elementor-top-column elementor-element elementor-element-6730e76\" data-id=\"6730e76\" data-element_type=\"column\" data-e-type=\"column\">\n\t\t\t<div class=\"elementor-widget-wrap elementor-element-populated\">\n\t\t\t\t\t\t<div class=\"elementor-element elementor-element-1912e0f elementor-widget elementor-widget-heading\" data-id=\"1912e0f\" data-element_type=\"widget\" data-e-type=\"widget\" data-widget_type=\"heading.default\">\n\t\t\t\t<div class=\"elementor-widget-container\">\n\t\t\t\t\t<h2 class=\"elementor-heading-title elementor-size-default\">Getting the best results \u2012 together<\/h2>\t\t\t\t<\/div>\n\t\t\t\t<\/div>\n\t\t\t\t<div class=\"elementor-element elementor-element-d323069 elementor-widget elementor-widget-text-editor\" data-id=\"d323069\" data-element_type=\"widget\" data-e-type=\"widget\" data-widget_type=\"text-editor.default\">\n\t\t\t\t<div class=\"elementor-widget-container\">\n\t\t\t\t\t\t\t\t\t<p>The Customer Advisory Board was set up in the spring of 2008 jointly with our customers. It consist of decision-makers and authorised employees from building contractors with different structures and, as a rule, meets once or twice a year.<\/p><p>The aim is to discuss topics concerning formwork, but also neutral subjects of interest to any business.<\/p><p>More complex tasks are dealt with in separate study groups and the results presented in a \u201cfull board meeting\u201d.<\/p><p>The Customer Advisory Board currently has 36 members.<\/p>\t\t\t\t\t\t\t\t<\/div>\n\t\t\t\t<\/div>\n\t\t\t\t\t<\/div>\n\t\t<\/div>\n\t\t\t\t<div class=\"elementor-column elementor-col-50 elementor-top-column elementor-element elementor-element-e354f37\" data-id=\"e354f37\" data-element_type=\"column\" data-e-type=\"column\">\n\t\t\t<div class=\"elementor-widget-wrap\">\n\t\t\t\t\t\t\t<\/div>\n\t\t<\/div>\n\t\t\t\t\t<\/div>\n\t\t<\/section>\n\t\t\t\t<section class=\"elementor-section elementor-top-section elementor-element elementor-element-682a4f2 elementor-section-full_width elementor-section-height-default elementor-section-height-default\" data-id=\"682a4f2\" data-element_type=\"section\" data-e-type=\"section\">\n\t\t\t\t\t\t<div class=\"elementor-container elementor-column-gap-default\">\n\t\t\t\t\t<div class=\"elementor-column elementor-col-50 elementor-top-column elementor-element elementor-element-55dc1c3\" data-id=\"55dc1c3\" data-element_type=\"column\" data-e-type=\"column\">\n\t\t\t<div class=\"elementor-widget-wrap\">\n\t\t\t\t\t\t\t<\/div>\n\t\t<\/div>\n\t\t\t\t<div class=\"elementor-column elementor-col-50 elementor-top-column elementor-element elementor-element-5617486\" data-id=\"5617486\" data-element_type=\"column\" data-e-type=\"column\">\n\t\t\t<div class=\"elementor-widget-wrap elementor-element-populated\">\n\t\t\t\t\t\t<div class=\"elementor-element elementor-element-55662ec elementor-widget elementor-widget-text-editor\" data-id=\"55662ec\" data-element_type=\"widget\" data-e-type=\"widget\" data-widget_type=\"text-editor.default\">\n\t\t\t\t<div class=\"elementor-widget-container\">\n\t\t\t\t\t\t\t\t\t<p>These are some of the topics discussed in recent years:<\/p><ul><li>Selection criteria for the economic use of heavy-duty wall panel formwork<\/li><li>Customer satisfaction analyses<\/li><li>Comparing the economics of purchasing versus hiring<\/li><li>A time study on optimising working processes for the structural shell using the example of in situ concrete wall construction<\/li><li>Collaboration in new product developments, e.g.<ul><li>PRIMAX telescopic formwork<\/li><li>aluMAX hand-set formwork<\/li><li>ultraMAX wall panel formwork<\/li><\/ul><\/li><\/ul><p>As the meetings often deal with rather dry topics, external speakers are sometimes invited to \u201cliven up\u201d the meetings, e.g.<\/p><ul><li>ASSE permanent repository for nuclear waste \/ Prof. Dr. Schmitt<\/li><li>Financial crisis \/ Prof. Rottmann<\/li><\/ul>\t\t\t\t\t\t\t\t<\/div>\n\t\t\t\t<\/div>\n\t\t\t\t\t<\/div>\n\t\t<\/div>\n\t\t\t\t\t<\/div>\n\t\t<\/section>\n\t\t\t\t<section class=\"elementor-section elementor-top-section elementor-element elementor-element-74e75cb elementor-section-full_width elementor-section-height-default elementor-section-height-default\" data-id=\"74e75cb\" data-element_type=\"section\" data-e-type=\"section\">\n\t\t\t\t\t\t<div class=\"elementor-container elementor-column-gap-default\">\n\t\t\t\t\t<div class=\"elementor-column elementor-col-100 elementor-top-column elementor-element elementor-element-2a2120e\" data-id=\"2a2120e\" data-element_type=\"column\" data-e-type=\"column\">\n\t\t\t<div class=\"elementor-widget-wrap elementor-element-populated\">\n\t\t\t\t\t\t<div class=\"elementor-element elementor-element-c104913 elementor-widget elementor-widget-heading\" data-id=\"c104913\" data-element_type=\"widget\" data-e-type=\"widget\" data-widget_type=\"heading.default\">\n\t\t\t\t<div class=\"elementor-widget-container\">\n\t\t\t\t\t<h4 class=\"elementor-heading-title elementor-size-default\">Impressions<\/h4>\t\t\t\t<\/div>\n\t\t\t\t<\/div>\n\t\t\t\t<div class=\"elementor-element elementor-element-c4070e9 ado-img-carousel elementor-arrows-position-inside elementor-pagination-position-outside elementor-widget elementor-widget-image-carousel\" data-id=\"c4070e9\" data-element_type=\"widget\" data-e-type=\"widget\" data-settings=\"{&quot;slides_to_show&quot;:&quot;3&quot;,&quot;slides_to_show_tablet&quot;:&quot;2&quot;,&quot;image_spacing_custom&quot;:{&quot;unit&quot;:&quot;px&quot;,&quot;size&quot;:15,&quot;sizes&quot;:[]},&quot;slides_to_show_mobile&quot;:&quot;1&quot;,&quot;navigation&quot;:&quot;both&quot;,&quot;autoplay&quot;:&quot;yes&quot;,&quot;pause_on_hover&quot;:&quot;yes&quot;,&quot;pause_on_interaction&quot;:&quot;yes&quot;,&quot;autoplay_speed&quot;:5000,&quot;infinite&quot;:&quot;yes&quot;,&quot;speed&quot;:500,&quot;image_spacing_custom_tablet&quot;:{&quot;unit&quot;:&quot;px&quot;,&quot;size&quot;:&quot;&quot;,&quot;sizes&quot;:[]}}\" data-widget_type=\"image-carousel.default\">\n\t\t\t\t<div class=\"elementor-widget-container\">\n\t\t\t\t\t\t\t<div class=\"elementor-image-carousel-wrapper swiper\" role=\"region\" aria-roledescription=\"carousel\" aria-label=\"Image Carousel\" dir=\"ltr\">\n\t\t\t<div class=\"elementor-image-carousel swiper-wrapper\" aria-live=\"off\">\n\t\t\t\t\t\t\t\t<div class=\"swiper-slide\" role=\"group\" aria-roledescription=\"slide\" aria-label=\"1 of 6\"><figure class=\"swiper-slide-inner\"><img decoding=\"async\" class=\"swiper-slide-image\" src=\"https:\/\/www.mayerschaltechnik.de\/wp-content\/uploads\/2021\/04\/2018-tagung-in-hh-e1617865772491.jpg\" alt=\"Tagung in Hamburg 2018 | Mayer Schaltechnik\u00a0\" \/><\/figure><\/div><div class=\"swiper-slide\" role=\"group\" aria-roledescription=\"slide\" aria-label=\"2 of 6\"><figure class=\"swiper-slide-inner\"><img decoding=\"async\" class=\"swiper-slide-image\" src=\"https:\/\/www.mayerschaltechnik.de\/wp-content\/uploads\/2021\/04\/2018-besuch-auf-bv-stuttgart21-e1617865614439.jpg\" alt=\"Besuch BV Stuttgart 2018 | Mayer Schaltechnik\u00a0\" \/><\/figure><\/div><div class=\"swiper-slide\" role=\"group\" aria-roledescription=\"slide\" aria-label=\"3 of 6\"><figure class=\"swiper-slide-inner\"><img decoding=\"async\" class=\"swiper-slide-image\" src=\"https:\/\/www.mayerschaltechnik.de\/wp-content\/uploads\/2021\/04\/2015-tagung-in-tirol-e1617865742501.jpg\" alt=\"Tagung in Tirol 2015 | Mayer Schaltechnik\u00a0\" \/><\/figure><\/div><div class=\"swiper-slide\" role=\"group\" aria-roledescription=\"slide\" aria-label=\"4 of 6\"><figure class=\"swiper-slide-inner\"><img decoding=\"async\" class=\"swiper-slide-image\" src=\"https:\/\/www.mayerschaltechnik.de\/wp-content\/uploads\/2021\/04\/2012-tagung-muc-allianz-arena.jpg\" alt=\"Tagung M\u00fcnchen Allianz Arena 2012 |\u00a0Mayer Schaltechnik\" \/><\/figure><\/div><div class=\"swiper-slide\" role=\"group\" aria-roledescription=\"slide\" aria-label=\"5 of 6\"><figure class=\"swiper-slide-inner\"><img decoding=\"async\" class=\"swiper-slide-image\" src=\"https:\/\/www.mayerschaltechnik.de\/wp-content\/uploads\/2021\/04\/2011-besuch-mercedes-benz-museum-e1617865672190.jpg\" alt=\"Tagung M\u00fcnchen Allianz Arena 2012 |\u00a0Mayer Schaltechnik\" \/><\/figure><\/div><div class=\"swiper-slide\" role=\"group\" aria-roledescription=\"slide\" aria-label=\"6 of 6\"><figure class=\"swiper-slide-inner\"><img decoding=\"async\" class=\"swiper-slide-image\" src=\"https:\/\/www.mayerschaltechnik.de\/wp-content\/uploads\/2021\/04\/2008-tagung-nuerburgring-e1617865692437.jpg\" alt=\"Besuch Mercedes Benz Museum 2011 |\u00a0Mayer Schaltechnik\" \/><\/figure><\/div>\t\t\t<\/div>\n\t\t\t\t\t\t\t\t\t\t\t\t<div class=\"elementor-swiper-button elementor-swiper-button-prev\" role=\"button\" tabindex=\"0\">\n\t\t\t\t\t\t<i aria-hidden=\"true\" class=\"eicon-chevron-left\"><\/i>\t\t\t\t\t<\/div>\n\t\t\t\t\t<div class=\"elementor-swiper-button elementor-swiper-button-next\" role=\"button\" tabindex=\"0\">\n\t\t\t\t\t\t<i aria-hidden=\"true\" class=\"eicon-chevron-right\"><\/i>\t\t\t\t\t<\/div>\n\t\t\t\t\n\t\t\t\t\t\t\t\t\t<div class=\"swiper-pagination\"><\/div>\n\t\t\t\t\t\t\t\t\t<\/div>\n\t\t\t\t\t\t<\/div>\n\t\t\t\t<\/div>\n\t\t\t\t\t<\/div>\n\t\t<\/div>\n\t\t\t\t\t<\/div>\n\t\t<\/section>\n\t\t\t\t<section class=\"elementor-section elementor-top-section elementor-element elementor-element-0f59488 elementor-section-full_width elementor-section-height-default elementor-section-height-default\" data-id=\"0f59488\" data-element_type=\"section\" data-e-type=\"section\">\n\t\t\t\t\t\t<div class=\"elementor-container elementor-column-gap-default\">\n\t\t\t\t\t<div class=\"elementor-column elementor-col-100 elementor-top-column elementor-element elementor-element-5e9bbdd\" data-id=\"5e9bbdd\" data-element_type=\"column\" data-e-type=\"column\">\n\t\t\t<div class=\"elementor-widget-wrap elementor-element-populated\">\n\t\t\t\t\t\t<section class=\"elementor-section elementor-inner-section elementor-element elementor-element-797b525 elementor-section-full_width elementor-section-height-default elementor-section-height-default\" data-id=\"797b525\" data-element_type=\"section\" data-e-type=\"section\">\n\t\t\t\t\t\t<div class=\"elementor-container elementor-column-gap-default\">\n\t\t\t\t\t<div class=\"elementor-column elementor-col-50 elementor-inner-column elementor-element elementor-element-f817adb ado-remove-padding\" data-id=\"f817adb\" data-element_type=\"column\" data-e-type=\"column\">\n\t\t\t<div class=\"elementor-widget-wrap elementor-element-populated\">\n\t\t\t\t\t\t<div class=\"elementor-element elementor-element-23af4d4 elementor-widget elementor-widget-heading\" data-id=\"23af4d4\" data-element_type=\"widget\" data-e-type=\"widget\" data-widget_type=\"heading.default\">\n\t\t\t\t<div class=\"elementor-widget-container\">\n\t\t\t\t\t<h2 class=\"elementor-heading-title elementor-size-default\">Would you like to join the Customer Advisory Board?<\/h2>\t\t\t\t<\/div>\n\t\t\t\t<\/div>\n\t\t\t\t\t<\/div>\n\t\t<\/div>\n\t\t\t\t<div class=\"elementor-column elementor-col-50 elementor-inner-column elementor-element elementor-element-71904b5 ado-remove-margin\" data-id=\"71904b5\" data-element_type=\"column\" data-e-type=\"column\">\n\t\t\t<div class=\"elementor-widget-wrap elementor-element-populated\">\n\t\t\t\t\t\t<div class=\"elementor-element elementor-element-b029eb4 elementor-widget elementor-widget-text-editor\" data-id=\"b029eb4\" data-element_type=\"widget\" data-e-type=\"widget\" data-widget_type=\"text-editor.default\">\n\t\t\t\t<div class=\"elementor-widget-container\">\n\t\t\t\t\t\t\t\t\t<p>We look forward to hearing from you!<\/p>\t\t\t\t\t\t\t\t<\/div>\n\t\t\t\t<\/div>\n\t\t\t\t<div class=\"elementor-element elementor-element-b5b546e elementor-align-justify elementor-widget elementor-widget-button\" data-id=\"b5b546e\" data-element_type=\"widget\" data-e-type=\"widget\" data-widget_type=\"button.default\">\n\t\t\t\t<div class=\"elementor-widget-container\">\n\t\t\t\t\t\t\t\t\t<div class=\"elementor-button-wrapper\">\n\t\t\t\t\t<a class=\"elementor-button elementor-button-link elementor-size-sm\" href=\"#elementor-action%3Aaction%3Dpopup%3Aopen%26settings%3DeyJpZCI6NDg1OSwidG9nZ2xlIjpmYWxzZX0%3D\">\n\t\t\t\t\t\t<span class=\"elementor-button-content-wrapper\">\n\t\t\t\t\t\t\t\t\t<span class=\"elementor-button-text\">Contact<\/span>\n\t\t\t\t\t<\/span>\n\t\t\t\t\t<\/a>\n\t\t\t\t<\/div>\n\t\t\t\t\t\t\t\t<\/div>\n\t\t\t\t<\/div>\n\t\t\t\t\t<\/div>\n\t\t<\/div>\n\t\t\t\t\t<\/div>\n\t\t<\/section>\n\t\t\t\t\t<\/div>\n\t\t<\/div>\n\t\t\t\t\t<\/div>\n\t\t<\/section>\n\t\t\t\t<\/div>\n\t\t","protected":false},"excerpt":{"rendered":"<p>Gemeinsam die besten Ergebnisse erzielen &#8211; Der Kundenbeirat wurde im Fr\u00fchjahr 2008 gemeinsam mit unseren Kunden gegr\u00fcndet. Er besteht aus Entscheidungstr\u00e4gern und autorisierten Mitarbeitern von Bauunternehmen mit unterschiedlichen Strukturen und tagt in der Regel ein bis zwei Mal pro Jahr.<\/p>\n","protected":false},"author":13,"featured_media":4571,"parent":0,"menu_order":0,"comment_status":"closed","ping_status":"closed","template":"","meta":{"_acf_changed":false,"footnotes":""},"class_list":["post-4636","page","type-page","status-publish","has-post-thumbnail","hentry"],"acf":[],"yoast_head":"<!-- This site is optimized with the Yoast SEO plugin v27.4 - https:\/\/yoast.com\/product\/yoast-seo-wordpress\/ -->\n<title>Customer Advisory Board | Mayer Schaltechnik<\/title>\n<meta name=\"description\" content=\"The Customer Advisory Board was set up jointly with our customers. It consist of their decisionmakers and meets once or twice a year.\" \/>\n<meta name=\"robots\" content=\"index, follow, max-snippet:-1, max-image-preview:large, max-video-preview:-1\" \/>\n<link rel=\"canonical\" href=\"https:\/\/www.mayerschaltechnik.de\/en\/customer-advisory-board\/\" \/>\n<meta property=\"og:locale\" content=\"en_US\" \/>\n<meta property=\"og:type\" content=\"article\" \/>\n<meta property=\"og:title\" content=\"Customer Advisory Board | Mayer Schaltechnik\" \/>\n<meta property=\"og:description\" content=\"The Customer Advisory Board was set up jointly with our customers. It consist of their decisionmakers and meets once or twice a year.\" \/>\n<meta property=\"og:url\" content=\"https:\/\/www.mayerschaltechnik.de\/en\/customer-advisory-board\/\" \/>\n<meta property=\"og:site_name\" content=\"Mayer Schaltechnik GmbH\" \/>\n<meta property=\"article:publisher\" content=\"https:\/\/www.facebook.com\/mayerschaltechnik\/\" \/>\n<meta property=\"article:modified_time\" content=\"2023-07-20T12:42:47+00:00\" \/>\n<meta property=\"og:image\" content=\"https:\/\/www.mayerschaltechnik.de\/wp-content\/uploads\/2021\/05\/mayer-kundenbeirat-mst.jpg\" \/>\n\t<meta property=\"og:image:width\" content=\"1200\" \/>\n\t<meta property=\"og:image:height\" content=\"800\" \/>\n\t<meta property=\"og:image:type\" content=\"image\/jpeg\" \/>\n<meta name=\"twitter:card\" content=\"summary_large_image\" \/>\n<meta name=\"twitter:label1\" content=\"Est. reading time\" \/>\n\t<meta name=\"twitter:data1\" content=\"3 minutes\" \/>\n<script type=\"application\/ld+json\" class=\"yoast-schema-graph\">{\"@context\":\"https:\\\/\\\/schema.org\",\"@graph\":[{\"@type\":\"WebPage\",\"@id\":\"https:\\\/\\\/www.mayerschaltechnik.de\\\/en\\\/customer-advisory-board\\\/\",\"url\":\"https:\\\/\\\/www.mayerschaltechnik.de\\\/en\\\/customer-advisory-board\\\/\",\"name\":\"Customer Advisory Board | Mayer Schaltechnik\",\"isPartOf\":{\"@id\":\"https:\\\/\\\/www.mayerschaltechnik.de\\\/#website\"},\"primaryImageOfPage\":{\"@id\":\"https:\\\/\\\/www.mayerschaltechnik.de\\\/en\\\/customer-advisory-board\\\/#primaryimage\"},\"image\":{\"@id\":\"https:\\\/\\\/www.mayerschaltechnik.de\\\/en\\\/customer-advisory-board\\\/#primaryimage\"},\"thumbnailUrl\":\"https:\\\/\\\/www.mayerschaltechnik.de\\\/wp-content\\\/uploads\\\/2021\\\/05\\\/mayer-kundenbeirat-mst.jpg\",\"datePublished\":\"2021-02-24T13:30:39+00:00\",\"dateModified\":\"2023-07-20T12:42:47+00:00\",\"description\":\"The Customer Advisory Board was set up jointly with our customers. It consist of their decisionmakers and meets once or twice a year.\",\"breadcrumb\":{\"@id\":\"https:\\\/\\\/www.mayerschaltechnik.de\\\/en\\\/customer-advisory-board\\\/#breadcrumb\"},\"inLanguage\":\"en-US\",\"potentialAction\":[{\"@type\":\"ReadAction\",\"target\":[\"https:\\\/\\\/www.mayerschaltechnik.de\\\/en\\\/customer-advisory-board\\\/\"]}]},{\"@type\":\"ImageObject\",\"inLanguage\":\"en-US\",\"@id\":\"https:\\\/\\\/www.mayerschaltechnik.de\\\/en\\\/customer-advisory-board\\\/#primaryimage\",\"url\":\"https:\\\/\\\/www.mayerschaltechnik.de\\\/wp-content\\\/uploads\\\/2021\\\/05\\\/mayer-kundenbeirat-mst.jpg\",\"contentUrl\":\"https:\\\/\\\/www.mayerschaltechnik.de\\\/wp-content\\\/uploads\\\/2021\\\/05\\\/mayer-kundenbeirat-mst.jpg\",\"width\":1200,\"height\":800,\"caption\":\"Kundenbeirat |\u00a0Mayer Schaltechnik\"},{\"@type\":\"BreadcrumbList\",\"@id\":\"https:\\\/\\\/www.mayerschaltechnik.de\\\/en\\\/customer-advisory-board\\\/#breadcrumb\",\"itemListElement\":[{\"@type\":\"ListItem\",\"position\":1,\"name\":\"Startseite\",\"item\":\"https:\\\/\\\/www.mayerschaltechnik.de\\\/en\\\/\"},{\"@type\":\"ListItem\",\"position\":2,\"name\":\"Customer Advisory Board\"}]},{\"@type\":\"WebSite\",\"@id\":\"https:\\\/\\\/www.mayerschaltechnik.de\\\/#website\",\"url\":\"https:\\\/\\\/www.mayerschaltechnik.de\\\/\",\"name\":\"Mayer Schaltechnik GmbH\",\"description\":\"\",\"publisher\":{\"@id\":\"https:\\\/\\\/www.mayerschaltechnik.de\\\/#organization\"},\"potentialAction\":[{\"@type\":\"SearchAction\",\"target\":{\"@type\":\"EntryPoint\",\"urlTemplate\":\"https:\\\/\\\/www.mayerschaltechnik.de\\\/?s={search_term_string}\"},\"query-input\":{\"@type\":\"PropertyValueSpecification\",\"valueRequired\":true,\"valueName\":\"search_term_string\"}}],\"inLanguage\":\"en-US\"},{\"@type\":\"Organization\",\"@id\":\"https:\\\/\\\/www.mayerschaltechnik.de\\\/#organization\",\"name\":\"Mayer Schaltechnik GmbH\",\"url\":\"https:\\\/\\\/www.mayerschaltechnik.de\\\/\",\"logo\":{\"@type\":\"ImageObject\",\"inLanguage\":\"en-US\",\"@id\":\"https:\\\/\\\/www.mayerschaltechnik.de\\\/#\\\/schema\\\/logo\\\/image\\\/\",\"url\":\"https:\\\/\\\/www.mayerschaltechnik.de\\\/wp-content\\\/uploads\\\/2021\\\/02\\\/logo-schwarz-1.svg\",\"contentUrl\":\"https:\\\/\\\/www.mayerschaltechnik.de\\\/wp-content\\\/uploads\\\/2021\\\/02\\\/logo-schwarz-1.svg\",\"width\":1,\"height\":1,\"caption\":\"Mayer Schaltechnik GmbH\"},\"image\":{\"@id\":\"https:\\\/\\\/www.mayerschaltechnik.de\\\/#\\\/schema\\\/logo\\\/image\\\/\"},\"sameAs\":[\"https:\\\/\\\/www.facebook.com\\\/mayerschaltechnik\\\/\",\"https:\\\/\\\/www.linkedin.com\\\/company\\\/mayer-schaltechnik-gmbh\\\/\",\"https:\\\/\\\/www.xing.com\\\/pages\\\/mayer-schaltechnik-gmbh\\\/\",\"https:\\\/\\\/www.youtube.com\\\/channel\\\/UCrNc0AeuwrX6S-m9fAUj0wg\"]}]}<\/script>\n<!-- \/ Yoast SEO plugin. -->","yoast_head_json":{"title":"Customer Advisory Board | Mayer Schaltechnik","description":"The Customer Advisory Board was set up jointly with our customers. It consist of their decisionmakers and meets once or twice a year.","robots":{"index":"index","follow":"follow","max-snippet":"max-snippet:-1","max-image-preview":"max-image-preview:large","max-video-preview":"max-video-preview:-1"},"canonical":"https:\/\/www.mayerschaltechnik.de\/en\/customer-advisory-board\/","og_locale":"en_US","og_type":"article","og_title":"Customer Advisory Board | Mayer Schaltechnik","og_description":"The Customer Advisory Board was set up jointly with our customers. It consist of their decisionmakers and meets once or twice a year.","og_url":"https:\/\/www.mayerschaltechnik.de\/en\/customer-advisory-board\/","og_site_name":"Mayer Schaltechnik GmbH","article_publisher":"https:\/\/www.facebook.com\/mayerschaltechnik\/","article_modified_time":"2023-07-20T12:42:47+00:00","og_image":[{"width":1200,"height":800,"url":"https:\/\/www.mayerschaltechnik.de\/wp-content\/uploads\/2021\/05\/mayer-kundenbeirat-mst.jpg","type":"image\/jpeg"}],"twitter_card":"summary_large_image","twitter_misc":{"Est. reading time":"3 minutes"},"schema":{"@context":"https:\/\/schema.org","@graph":[{"@type":"WebPage","@id":"https:\/\/www.mayerschaltechnik.de\/en\/customer-advisory-board\/","url":"https:\/\/www.mayerschaltechnik.de\/en\/customer-advisory-board\/","name":"Customer Advisory Board | Mayer Schaltechnik","isPartOf":{"@id":"https:\/\/www.mayerschaltechnik.de\/#website"},"primaryImageOfPage":{"@id":"https:\/\/www.mayerschaltechnik.de\/en\/customer-advisory-board\/#primaryimage"},"image":{"@id":"https:\/\/www.mayerschaltechnik.de\/en\/customer-advisory-board\/#primaryimage"},"thumbnailUrl":"https:\/\/www.mayerschaltechnik.de\/wp-content\/uploads\/2021\/05\/mayer-kundenbeirat-mst.jpg","datePublished":"2021-02-24T13:30:39+00:00","dateModified":"2023-07-20T12:42:47+00:00","description":"The Customer Advisory Board was set up jointly with our customers. It consist of their decisionmakers and meets once or twice a year.","breadcrumb":{"@id":"https:\/\/www.mayerschaltechnik.de\/en\/customer-advisory-board\/#breadcrumb"},"inLanguage":"en-US","potentialAction":[{"@type":"ReadAction","target":["https:\/\/www.mayerschaltechnik.de\/en\/customer-advisory-board\/"]}]},{"@type":"ImageObject","inLanguage":"en-US","@id":"https:\/\/www.mayerschaltechnik.de\/en\/customer-advisory-board\/#primaryimage","url":"https:\/\/www.mayerschaltechnik.de\/wp-content\/uploads\/2021\/05\/mayer-kundenbeirat-mst.jpg","contentUrl":"https:\/\/www.mayerschaltechnik.de\/wp-content\/uploads\/2021\/05\/mayer-kundenbeirat-mst.jpg","width":1200,"height":800,"caption":"Kundenbeirat |\u00a0Mayer Schaltechnik"},{"@type":"BreadcrumbList","@id":"https:\/\/www.mayerschaltechnik.de\/en\/customer-advisory-board\/#breadcrumb","itemListElement":[{"@type":"ListItem","position":1,"name":"Startseite","item":"https:\/\/www.mayerschaltechnik.de\/en\/"},{"@type":"ListItem","position":2,"name":"Customer Advisory Board"}]},{"@type":"WebSite","@id":"https:\/\/www.mayerschaltechnik.de\/#website","url":"https:\/\/www.mayerschaltechnik.de\/","name":"Mayer Schaltechnik GmbH","description":"","publisher":{"@id":"https:\/\/www.mayerschaltechnik.de\/#organization"},"potentialAction":[{"@type":"SearchAction","target":{"@type":"EntryPoint","urlTemplate":"https:\/\/www.mayerschaltechnik.de\/?s={search_term_string}"},"query-input":{"@type":"PropertyValueSpecification","valueRequired":true,"valueName":"search_term_string"}}],"inLanguage":"en-US"},{"@type":"Organization","@id":"https:\/\/www.mayerschaltechnik.de\/#organization","name":"Mayer Schaltechnik GmbH","url":"https:\/\/www.mayerschaltechnik.de\/","logo":{"@type":"ImageObject","inLanguage":"en-US","@id":"https:\/\/www.mayerschaltechnik.de\/#\/schema\/logo\/image\/","url":"https:\/\/www.mayerschaltechnik.de\/wp-content\/uploads\/2021\/02\/logo-schwarz-1.svg","contentUrl":"https:\/\/www.mayerschaltechnik.de\/wp-content\/uploads\/2021\/02\/logo-schwarz-1.svg","width":1,"height":1,"caption":"Mayer Schaltechnik GmbH"},"image":{"@id":"https:\/\/www.mayerschaltechnik.de\/#\/schema\/logo\/image\/"},"sameAs":["https:\/\/www.facebook.com\/mayerschaltechnik\/","https:\/\/www.linkedin.com\/company\/mayer-schaltechnik-gmbh\/","https:\/\/www.xing.com\/pages\/mayer-schaltechnik-gmbh\/","https:\/\/www.youtube.com\/channel\/UCrNc0AeuwrX6S-m9fAUj0wg"]}]}},"_links":{"self":[{"href":"https:\/\/www.mayerschaltechnik.de\/en\/wp-json\/wp\/v2\/pages\/4636","targetHints":{"allow":["GET"]}}],"collection":[{"href":"https:\/\/www.mayerschaltechnik.de\/en\/wp-json\/wp\/v2\/pages"}],"about":[{"href":"https:\/\/www.mayerschaltechnik.de\/en\/wp-json\/wp\/v2\/types\/page"}],"author":[{"embeddable":true,"href":"https:\/\/www.mayerschaltechnik.de\/en\/wp-json\/wp\/v2\/users\/13"}],"replies":[{"embeddable":true,"href":"https:\/\/www.mayerschaltechnik.de\/en\/wp-json\/wp\/v2\/comments?post=4636"}],"version-history":[{"count":27,"href":"https:\/\/www.mayerschaltechnik.de\/en\/wp-json\/wp\/v2\/pages\/4636\/revisions"}],"predecessor-version":[{"id":6993,"href":"https:\/\/www.mayerschaltechnik.de\/en\/wp-json\/wp\/v2\/pages\/4636\/revisions\/6993"}],"wp:featuredmedia":[{"embeddable":true,"href":"https:\/\/www.mayerschaltechnik.de\/en\/wp-json\/wp\/v2\/media\/4571"}],"wp:attachment":[{"href":"https:\/\/www.mayerschaltechnik.de\/en\/wp-json\/wp\/v2\/media?parent=4636"}],"curies":[{"name":"wp","href":"https:\/\/api.w.org\/{rel}","templated":true}]}}